{"id":1756,"date":"2023-10-21T13:48:00","date_gmt":"2023-11-06T08:41:37","guid":{"rendered":"https:\/\/okvalles.cat\/producte\/azemad-beginner\/"},"modified":"2023-11-10T09:46:49","modified_gmt":"2023-11-10T08:46:49","slug":"azemad-beginner","status":"publish","type":"product","link":"https:\/\/okvalles.cat\/es\/producte\/azemad-beginner\/","title":{"rendered":"Azemad Beginner"},"content":{"rendered":"","protected":false},"excerpt":{"rendered":"<div class=\"row\">\n<div class=\"product-description col-md-12\">\n<p><span id=\"result_box\" class=\"\" lang=\"ca\"><span class=\"\">Ideal por<\/span> iniciaci\u00f3n, por sus <span class=\"\">medidas<\/span> hacen de \u00e9l que sea el palo id\u00f3neo para los que <span class=\"\">empiezan. <\/span> <\/span><br \/>\n<span id=\"result_box\" class=\"\" lang=\"ca\"><span class=\"\">Pala de<\/span> 90\u00ba con revestimiento <span class=\"\">de fibra<\/span> <span class=\"\">de vidrio.<\/span> <span class=\"\">Estoy<\/span> <span class=\"\">en madera<\/span> tintado en diferentes colores <span class=\"\">ideal para<\/span> <span class=\"\">iniciaci\u00f3n de los<\/span> <span class=\"\">m\u00e1s peque\u00f1os<\/span>.<\/span><\/p>\n<p><span class=\"\" lang=\"ca\">Tama\u00f1o Short (-10 cm) o (-20 cm)<\/span><span id=\"result_box\" class=\"\" lang=\"ca\"><span class=\"\">Estoy<\/span> <span class=\"\">de madera<\/span> 10 cm. o de 20 cm. <span class=\"\">m\u00e1s<\/span> corto. De mango  <\/span><span id=\"result_box\" class=\"\" lang=\"ca\">fin para que los ni\u00f1os puedan cogerlo <span class=\"\">mejor<\/span><span class=\"\">, <\/span><\/span><span id=\"result_box\" class=\"\" lang=\"ca\"><span class=\"\">que al ser m\u00e1s<\/span> <span class=\"\">corto que<\/span> el <span class=\"\">tama\u00f1o<\/span> normal, lo convierten en palo de excelente maniobrabilidad.<\/span><\/p>\n<\/div>\n<\/div>\n","protected":false},"featured_media":3296,"template":"","meta":[],"product_brand":[],"product_cat":[121],"product_tag":[],"class_list":{"0":"post-1756","1":"product","2":"type-product","3":"status-publish","4":"has-post-thumbnail","6":"product_cat-sticks-es","8":"first","9":"instock","10":"shipping-taxable","11":"purchasable","12":"product-type-simple"},"yoast_head":"<!-- This site is optimized with the Yoast SEO plugin v25.6 - https:\/\/yoast.com\/wordpress\/plugins\/seo\/ -->\n<title>Azemad Beginner - OK Valles<\/title>\n<meta name=\"robots\" content=\"index, follow, max-snippet:-1, max-image-preview:large, max-video-preview:-1\" \/>\n<link rel=\"canonical\" href=\"https:\/\/okvalles.cat\/es\/producte\/azemad-beginner\/\" \/>\n<meta property=\"og:locale\" content=\"es_ES\" \/>\n<meta property=\"og:type\" content=\"article\" \/>\n<meta property=\"og:title\" content=\"Azemad Beginner - OK Valles\" \/>\n<meta property=\"og:description\" content=\"Ideal por iniciaci\u00f3n, por sus medidas hacen de \u00e9l que sea el palo id\u00f3neo para los que empiezan.  Pala de 90\u00ba con revestimiento de fibra de vidrio. Estoy en madera tintado en diferentes colores ideal para iniciaci\u00f3n de los m\u00e1s peque\u00f1os. Tama\u00f1o Short (-10 cm) o (-20 cm)Estoy de madera 10 cm. o de 20 cm. m\u00e1s corto. De mango fin para que los ni\u00f1os puedan cogerlo mejor, que al ser m\u00e1s corto que el tama\u00f1o normal, lo convierten en palo de excelente maniobrabilidad.\" \/>\n<meta property=\"og:url\" content=\"https:\/\/okvalles.cat\/es\/producte\/azemad-beginner\/\" \/>\n<meta property=\"og:site_name\" content=\"OK Valles\" \/>\n<meta property=\"article:modified_time\" content=\"2023-11-10T08:46:49+00:00\" \/>\n<meta property=\"og:image\" content=\"https:\/\/okvalles.cat\/wp-content\/uploads\/2023\/10\/in0616-azemad-beginer.jpg\" \/>\n\t<meta property=\"og:image:width\" content=\"787\" \/>\n\t<meta property=\"og:image:height\" content=\"787\" \/>\n\t<meta property=\"og:image:type\" content=\"image\/jpeg\" \/>\n<meta name=\"twitter:card\" content=\"summary_large_image\" \/>\n<script type=\"application\/ld+json\" class=\"yoast-schema-graph\">{\"@context\":\"https:\/\/schema.org\",\"@graph\":[{\"@type\":\"WebPage\",\"@id\":\"https:\/\/okvalles.cat\/es\/producte\/azemad-beginner\/\",\"url\":\"https:\/\/okvalles.cat\/es\/producte\/azemad-beginner\/\",\"name\":\"Azemad Beginner - OK Valles\",\"isPartOf\":{\"@id\":\"https:\/\/okvalles.cat\/#website\"},\"primaryImageOfPage\":{\"@id\":\"https:\/\/okvalles.cat\/es\/producte\/azemad-beginner\/#primaryimage\"},\"image\":{\"@id\":\"https:\/\/okvalles.cat\/es\/producte\/azemad-beginner\/#primaryimage\"},\"thumbnailUrl\":\"https:\/\/okvalles.cat\/wp-content\/uploads\/2023\/10\/azemad-begginer.jpg\",\"datePublished\":\"2023-11-06T08:41:37+00:00\",\"dateModified\":\"2023-11-10T08:46:49+00:00\",\"breadcrumb\":{\"@id\":\"https:\/\/okvalles.cat\/es\/producte\/azemad-beginner\/#breadcrumb\"},\"inLanguage\":\"es\",\"potentialAction\":[{\"@type\":\"ReadAction\",\"target\":[\"https:\/\/okvalles.cat\/es\/producte\/azemad-beginner\/\"]}]},{\"@type\":\"ImageObject\",\"inLanguage\":\"es\",\"@id\":\"https:\/\/okvalles.cat\/es\/producte\/azemad-beginner\/#primaryimage\",\"url\":\"https:\/\/okvalles.cat\/wp-content\/uploads\/2023\/10\/azemad-begginer.jpg\",\"contentUrl\":\"https:\/\/okvalles.cat\/wp-content\/uploads\/2023\/10\/azemad-begginer.jpg\",\"width\":264,\"height\":264},{\"@type\":\"BreadcrumbList\",\"@id\":\"https:\/\/okvalles.cat\/es\/producte\/azemad-beginner\/#breadcrumb\",\"itemListElement\":[{\"@type\":\"ListItem\",\"position\":1,\"name\":\"Inici\",\"item\":\"https:\/\/okvalles.cat\/es\/inicio\/\"},{\"@type\":\"ListItem\",\"position\":2,\"name\":\"Tienda OK Vall\u00e8s\",\"item\":\"https:\/\/okvalles.cat\/tienda-ok-valles\/\"},{\"@type\":\"ListItem\",\"position\":3,\"name\":\"Azemad Beginner\"}]},{\"@type\":\"WebSite\",\"@id\":\"https:\/\/okvalles.cat\/#website\",\"url\":\"https:\/\/okvalles.cat\/\",\"name\":\"OK Valles\",\"description\":\"Botiga especialitzada en l\u2019esport de l\u2019hoquei patins\",\"potentialAction\":[{\"@type\":\"SearchAction\",\"target\":{\"@type\":\"EntryPoint\",\"urlTemplate\":\"https:\/\/okvalles.cat\/?s={search_term_string}\"},\"query-input\":{\"@type\":\"PropertyValueSpecification\",\"valueRequired\":true,\"valueName\":\"search_term_string\"}}],\"inLanguage\":\"es\"}]}<\/script>\n<!-- \/ Yoast SEO plugin. -->","yoast_head_json":{"title":"Azemad Beginner - OK Valles","robots":{"index":"index","follow":"follow","max-snippet":"max-snippet:-1","max-image-preview":"max-image-preview:large","max-video-preview":"max-video-preview:-1"},"canonical":"https:\/\/okvalles.cat\/es\/producte\/azemad-beginner\/","og_locale":"es_ES","og_type":"article","og_title":"Azemad Beginner - OK Valles","og_description":"Ideal por iniciaci\u00f3n, por sus medidas hacen de \u00e9l que sea el palo id\u00f3neo para los que empiezan.  Pala de 90\u00ba con revestimiento de fibra de vidrio. Estoy en madera tintado en diferentes colores ideal para iniciaci\u00f3n de los m\u00e1s peque\u00f1os. Tama\u00f1o Short (-10 cm) o (-20 cm)Estoy de madera 10 cm. o de 20 cm. m\u00e1s corto. De mango fin para que los ni\u00f1os puedan cogerlo mejor, que al ser m\u00e1s corto que el tama\u00f1o normal, lo convierten en palo de excelente maniobrabilidad.","og_url":"https:\/\/okvalles.cat\/es\/producte\/azemad-beginner\/","og_site_name":"OK Valles","article_modified_time":"2023-11-10T08:46:49+00:00","og_image":[{"width":787,"height":787,"url":"https:\/\/okvalles.cat\/wp-content\/uploads\/2023\/10\/in0616-azemad-beginer.jpg","type":"image\/jpeg"}],"twitter_card":"summary_large_image","schema":{"@context":"https:\/\/schema.org","@graph":[{"@type":"WebPage","@id":"https:\/\/okvalles.cat\/es\/producte\/azemad-beginner\/","url":"https:\/\/okvalles.cat\/es\/producte\/azemad-beginner\/","name":"Azemad Beginner - OK Valles","isPartOf":{"@id":"https:\/\/okvalles.cat\/#website"},"primaryImageOfPage":{"@id":"https:\/\/okvalles.cat\/es\/producte\/azemad-beginner\/#primaryimage"},"image":{"@id":"https:\/\/okvalles.cat\/es\/producte\/azemad-beginner\/#primaryimage"},"thumbnailUrl":"https:\/\/okvalles.cat\/wp-content\/uploads\/2023\/10\/azemad-begginer.jpg","datePublished":"2023-11-06T08:41:37+00:00","dateModified":"2023-11-10T08:46:49+00:00","breadcrumb":{"@id":"https:\/\/okvalles.cat\/es\/producte\/azemad-beginner\/#breadcrumb"},"inLanguage":"es","potentialAction":[{"@type":"ReadAction","target":["https:\/\/okvalles.cat\/es\/producte\/azemad-beginner\/"]}]},{"@type":"ImageObject","inLanguage":"es","@id":"https:\/\/okvalles.cat\/es\/producte\/azemad-beginner\/#primaryimage","url":"https:\/\/okvalles.cat\/wp-content\/uploads\/2023\/10\/azemad-begginer.jpg","contentUrl":"https:\/\/okvalles.cat\/wp-content\/uploads\/2023\/10\/azemad-begginer.jpg","width":264,"height":264},{"@type":"BreadcrumbList","@id":"https:\/\/okvalles.cat\/es\/producte\/azemad-beginner\/#breadcrumb","itemListElement":[{"@type":"ListItem","position":1,"name":"Inici","item":"https:\/\/okvalles.cat\/es\/inicio\/"},{"@type":"ListItem","position":2,"name":"Tienda OK Vall\u00e8s","item":"https:\/\/okvalles.cat\/tienda-ok-valles\/"},{"@type":"ListItem","position":3,"name":"Azemad Beginner"}]},{"@type":"WebSite","@id":"https:\/\/okvalles.cat\/#website","url":"https:\/\/okvalles.cat\/","name":"OK Valles","description":"Botiga especialitzada en l\u2019esport de l\u2019hoquei patins","potentialAction":[{"@type":"SearchAction","target":{"@type":"EntryPoint","urlTemplate":"https:\/\/okvalles.cat\/?s={search_term_string}"},"query-input":{"@type":"PropertyValueSpecification","valueRequired":true,"valueName":"search_term_string"}}],"inLanguage":"es"}]}},"_links":{"self":[{"href":"https:\/\/okvalles.cat\/es\/wp-json\/wp\/v2\/product\/1756","targetHints":{"allow":["GET"]}}],"collection":[{"href":"https:\/\/okvalles.cat\/es\/wp-json\/wp\/v2\/product"}],"about":[{"href":"https:\/\/okvalles.cat\/es\/wp-json\/wp\/v2\/types\/product"}],"wp:featuredmedia":[{"embeddable":true,"href":"https:\/\/okvalles.cat\/es\/wp-json\/wp\/v2\/media\/3296"}],"wp:attachment":[{"href":"https:\/\/okvalles.cat\/es\/wp-json\/wp\/v2\/media?parent=1756"}],"wp:term":[{"taxonomy":"product_brand","embeddable":true,"href":"https:\/\/okvalles.cat\/es\/wp-json\/wp\/v2\/product_brand?post=1756"},{"taxonomy":"product_cat","embeddable":true,"href":"https:\/\/okvalles.cat\/es\/wp-json\/wp\/v2\/product_cat?post=1756"},{"taxonomy":"product_tag","embeddable":true,"href":"https:\/\/okvalles.cat\/es\/wp-json\/wp\/v2\/product_tag?post=1756"}],"curies":[{"name":"wp","href":"https:\/\/api.w.org\/{rel}","templated":true}]}}