{"id":2107,"date":"2023-11-06T10:01:23","date_gmt":"2023-11-06T09:01:23","guid":{"rendered":"https:\/\/okvalles.cat\/?page_id=2107"},"modified":"2023-11-08T09:42:00","modified_gmt":"2023-11-08T08:42:00","slug":"politica-de-privacidad","status":"publish","type":"page","link":"https:\/\/okvalles.cat\/es\/politica-de-privacidad\/","title":{"rendered":"Pol\u00edtica de privacidad"},"content":{"rendered":"<section  class='av_textblock_section av-lopiahkz-f2e5a700419ae6a8554c2281fde9f17c '   itemscope=\"itemscope\" itemtype=\"https:\/\/schema.org\/CreativeWork\" ><div class='avia_textblock'  itemprop=\"text\" ><h2>Pol\u00edtica de privacidad<\/h2>\n<p>El presente documento de Tratamiento de Datos Personales tiene por objeto dar a conocer el m\u00e9todo en que se recogen, tratan y protegen los datos de car\u00e1cter personal recogidos a trav\u00e9s del sitio web, con el fin de que los usuarios determinen libre y voluntariamente si desean facilitar los susdatospersonales a trav\u00e9s del presentesitio web.<\/p>\n<p>El acceso y uso del sitio web, una vezdado el consentimientoexpresomarcando la correspondientecasilla por parte del usuario, implica la plena aceptaci\u00f3n del presente documento sobre Tratamiento de DatosPersonales y se obliga a cumplir en sutotalidad los t\u00e9rminos y condiciones recogidos en el mismo. Por lo tanto, el usuariodebeleeratentamente el presente documento en cada una de las ocasiones en que se propongautilizar el sitio web, y a que este puedetenermodificaciones.<\/p>\n<p>El presente documento ser\u00e1v\u00e1lido\u00fanicamente para los datos de car\u00e1cter personal obtenidosdesde el sitio web, y no es aplicable para aquella informaci\u00f3nrecogida por terceros en otrasp\u00e1ginas web, incluso si \u00e9stas se encuentranenlazadasdesde este mismositio web.<\/p>\n<h3>\u00bfQui\u00e9n es el responsable del tratamiento de susdatos?<\/h3>\n<p>El responsable de los datos es Maria del Mar Bonet Collazos, en adelante LA EMPRESA:<\/p>\n<ul>\n<li>Sudenominaci\u00f3n social es: Maria del Mar Bonet Collazos<\/li>\n<li>Su nombre comercial es: OKVall\u00e8s.<\/li>\n<li>Su CIF es: 38128147N.<\/li>\n<li>Su domicilio social es:<\/li>\n<li>c\/ Arquitecte Torres i Clav\u00e9, 22 Palau-solit\u00e0<br \/>\nPlegamans Barcelona 08184<\/li>\n<li>Est\u00e1 inscrita en el Registro Mercantil de Barcelona Tomo 45521, Folio 59, Hoja 490507<\/li>\n<\/ul>\n<p>LA EMPRESA le informa que estos datosser\u00e1ntratados de conformidad con lo dispuesto en las normativasvigentes en protecci\u00f3n de datospersonales, el Reglamento (UE) 2016\/679 de 27 de abril de 2016 (RGPD). Por la cual se le facilita la siguienteinformaci\u00f3n del tratamiento:<\/p>\n<h3>\u00bfCon qu\u00e9finalidadtratamossusdatospersonales?<\/h3>\n<p>Tratamos la informaci\u00f3n que nos facilitan los interesados\u200b\u200bpara realizar la prospecci\u00f3n de env\u00edo de comunicacionescomerciales en base al inter\u00e9sdemostrado sobre nuestrosproductos y servicios.<\/p>\n<h3>\u00bfPor cu\u00e1ntotiempoconservaremossusdatos?<\/h3>\n<p>Los datos se conservar\u00e1ndurante 10 a\u00f1os.<\/p>\n<h3>\u00bfCu\u00e1l es la legitimaci\u00f3n para el tratamiento de susdatos?<\/h3>\n<p>Los datospersonales que tratamos en LA EMPRESAproceden del propiointeresado, quien ha aceptado el consentimientot\u00e1cito conforme se puedenutilizar los datos para las finalidadesmencionadas.<\/p>\n<h3>\u00bfA qui\u00e9n se ceder\u00e1nsusdatos?<\/h3>\n<p>No se ceder\u00e1n los datos a terceros, salvo en casos de obligaci\u00f3n legal.<\/p>\n<h3>\u00bfTransferencias de datos a tercerospa\u00edses?<\/h3>\n<p>No est\u00e1nprevistas las transferencias de datos a tercerospa\u00edses.<\/p>\n<h3>\u00bfCu\u00e1les son susderechoscuando nos facilita susdatos?<\/h3>\n<p>Tienederecho a obtenerconfirmaci\u00f3n sobre si en LA EMPRESAestamostratandodatospersonales que les conciernan, o no.<\/p>\n<p>Los interesados\u200b\u200btienenderecho a acceder a susdatospersonales, as\u00ed como a solicitar la rectificaci\u00f3n de los datosinexactos o, en su caso, solicitarsusupresi\u00f3ncuando, entre otrosmotivos, los datosya no seannecesarios para los fines que fueronrecogidas.<\/p>\n<p>En determinadascircunstancias, los interesados\u200b\u200bpodr\u00e1nsolicitar la limitaci\u00f3n del tratamiento de susdatos, en este caso \u00fanicamente los conservaremos para el ejercicio o la defensa de reclamaciones.<\/p>\n<p>En determinadascircunstancias y por motivosrelacionados con susituaci\u00f3n particular, los interesados\u200b\u200bpodr\u00e1noponerse al tratamiento de susdatos. En este caso, LA EMPRESAdejar\u00e1 de tratar los datos, excepto por motivosleg\u00edtimos imperiosos, o el ejercicio o la defensa de posiblesreclamaciones.<\/p>\n<p>Ustedpodr\u00e1ejercermaterialmentesusderechos de la siguiente manera: Tienederecho a acceder, rectificar y suprimir los datos, as\u00ed como otrosderechos, indicados en la informaci\u00f3nadicional, que puedeejercerdirigi\u00e9ndose a la direcci\u00f3n del responsable del tratamiento.<\/p>\n<p>Si ha otorgadosuconsentimiento para alguna finalidad concreta, tienederecho a retirar el consentimientootorgado en cualquiermomento, sin que ello afecte a la licitud del tratamientobasado en el consentimientoprevio a su retirada.<\/p>\n<p>En caso de que sientavulneradossusderechos con respecto a la protecci\u00f3n de susdatospersonales, especialmentecuando no hayaobtenidosatisfacci\u00f3n en el ejercicio de susderechos, puede presentar una reclamaci\u00f3nante la Autoridad de Control en materia de protecci\u00f3n de datoscompetente a trav\u00e9s de susitio web: www.agpd.es.<\/p>\n<h3>\u00bfQu\u00e9datos se guardan en nuestrossistemas?<\/h3>\n<p>Las categor\u00edas de datos que se tratan son:<\/p>\n<ul>\n<li><\/li>\n<li>Direccionespostales y electr\u00f3nicas.<\/li>\n<li>Informaci\u00f3n comercial.<\/li>\n<\/ul>\n<p>No se tratancategor\u00edasespeciales de datospersonales (son aquellosdatos que revelen el origen \u00e9tnico o racial, las opinionespol\u00edticas, las conviccionesreligiosas o filos\u00f3ficas, o la afiliaci\u00f3n sindical, datosgen\u00e9ticos, datosbiom\u00e9tricosdirigidos a identificar de manera un\u00edvoca a una persona f\u00edsica, datosrelativos a la salud o datosrelativos a la vida sexual o la orientaci\u00f3n sexual de una persona f\u00edsica).<\/p>\n<\/div><\/section>\n","protected":false},"excerpt":{"rendered":"","protected":false},"author":3,"featured_media":0,"parent":0,"menu_order":0,"comment_status":"closed","ping_status":"closed","template":"","meta":{"footnotes":""},"class_list":["post-2107","page","type-page","status-publish","hentry"],"yoast_head":"<!-- This site is optimized with the Yoast SEO plugin v25.6 - https:\/\/yoast.com\/wordpress\/plugins\/seo\/ -->\n<title>Pol\u00edtica de privacidad - OK Valles<\/title>\n<meta name=\"robots\" content=\"index, follow, max-snippet:-1, max-image-preview:large, max-video-preview:-1\" \/>\n<link rel=\"canonical\" href=\"https:\/\/okvalles.cat\/es\/politica-de-privacidad\/\" \/>\n<meta property=\"og:locale\" content=\"es_ES\" \/>\n<meta property=\"og:type\" content=\"article\" \/>\n<meta property=\"og:title\" content=\"Pol\u00edtica de privacidad - OK Valles\" \/>\n<meta property=\"og:url\" content=\"https:\/\/okvalles.cat\/es\/politica-de-privacidad\/\" \/>\n<meta property=\"og:site_name\" content=\"OK Valles\" \/>\n<meta property=\"article:modified_time\" content=\"2023-11-08T08:42:00+00:00\" \/>\n<meta name=\"twitter:card\" content=\"summary_large_image\" \/>\n<meta name=\"twitter:label1\" content=\"Tiempo de lectura\" \/>\n\t<meta name=\"twitter:data1\" content=\"4 minutos\" \/>\n<script type=\"application\/ld+json\" class=\"yoast-schema-graph\">{\"@context\":\"https:\/\/schema.org\",\"@graph\":[{\"@type\":\"WebPage\",\"@id\":\"https:\/\/okvalles.cat\/es\/politica-de-privacidad\/\",\"url\":\"https:\/\/okvalles.cat\/es\/politica-de-privacidad\/\",\"name\":\"Pol\u00edtica de privacidad - OK Valles\",\"isPartOf\":{\"@id\":\"https:\/\/okvalles.cat\/#website\"},\"datePublished\":\"2023-11-06T09:01:23+00:00\",\"dateModified\":\"2023-11-08T08:42:00+00:00\",\"breadcrumb\":{\"@id\":\"https:\/\/okvalles.cat\/es\/politica-de-privacidad\/#breadcrumb\"},\"inLanguage\":\"es\",\"potentialAction\":[{\"@type\":\"ReadAction\",\"target\":[\"https:\/\/okvalles.cat\/es\/politica-de-privacidad\/\"]}]},{\"@type\":\"BreadcrumbList\",\"@id\":\"https:\/\/okvalles.cat\/es\/politica-de-privacidad\/#breadcrumb\",\"itemListElement\":[{\"@type\":\"ListItem\",\"position\":1,\"name\":\"Inici\",\"item\":\"https:\/\/okvalles.cat\/es\/inicio\/\"},{\"@type\":\"ListItem\",\"position\":2,\"name\":\"Pol\u00edtica de privacidad\"}]},{\"@type\":\"WebSite\",\"@id\":\"https:\/\/okvalles.cat\/#website\",\"url\":\"https:\/\/okvalles.cat\/\",\"name\":\"OK Valles\",\"description\":\"Botiga especialitzada en l\u2019esport de l\u2019hoquei patins\",\"potentialAction\":[{\"@type\":\"SearchAction\",\"target\":{\"@type\":\"EntryPoint\",\"urlTemplate\":\"https:\/\/okvalles.cat\/?s={search_term_string}\"},\"query-input\":{\"@type\":\"PropertyValueSpecification\",\"valueRequired\":true,\"valueName\":\"search_term_string\"}}],\"inLanguage\":\"es\"}]}<\/script>\n<!-- \/ Yoast SEO plugin. -->","yoast_head_json":{"title":"Pol\u00edtica de privacidad - OK Valles","robots":{"index":"index","follow":"follow","max-snippet":"max-snippet:-1","max-image-preview":"max-image-preview:large","max-video-preview":"max-video-preview:-1"},"canonical":"https:\/\/okvalles.cat\/es\/politica-de-privacidad\/","og_locale":"es_ES","og_type":"article","og_title":"Pol\u00edtica de privacidad - OK Valles","og_url":"https:\/\/okvalles.cat\/es\/politica-de-privacidad\/","og_site_name":"OK Valles","article_modified_time":"2023-11-08T08:42:00+00:00","twitter_card":"summary_large_image","twitter_misc":{"Tiempo de lectura":"4 minutos"},"schema":{"@context":"https:\/\/schema.org","@graph":[{"@type":"WebPage","@id":"https:\/\/okvalles.cat\/es\/politica-de-privacidad\/","url":"https:\/\/okvalles.cat\/es\/politica-de-privacidad\/","name":"Pol\u00edtica de privacidad - OK Valles","isPartOf":{"@id":"https:\/\/okvalles.cat\/#website"},"datePublished":"2023-11-06T09:01:23+00:00","dateModified":"2023-11-08T08:42:00+00:00","breadcrumb":{"@id":"https:\/\/okvalles.cat\/es\/politica-de-privacidad\/#breadcrumb"},"inLanguage":"es","potentialAction":[{"@type":"ReadAction","target":["https:\/\/okvalles.cat\/es\/politica-de-privacidad\/"]}]},{"@type":"BreadcrumbList","@id":"https:\/\/okvalles.cat\/es\/politica-de-privacidad\/#breadcrumb","itemListElement":[{"@type":"ListItem","position":1,"name":"Inici","item":"https:\/\/okvalles.cat\/es\/inicio\/"},{"@type":"ListItem","position":2,"name":"Pol\u00edtica de privacidad"}]},{"@type":"WebSite","@id":"https:\/\/okvalles.cat\/#website","url":"https:\/\/okvalles.cat\/","name":"OK Valles","description":"Botiga especialitzada en l\u2019esport de l\u2019hoquei patins","potentialAction":[{"@type":"SearchAction","target":{"@type":"EntryPoint","urlTemplate":"https:\/\/okvalles.cat\/?s={search_term_string}"},"query-input":{"@type":"PropertyValueSpecification","valueRequired":true,"valueName":"search_term_string"}}],"inLanguage":"es"}]}},"_links":{"self":[{"href":"https:\/\/okvalles.cat\/es\/wp-json\/wp\/v2\/pages\/2107","targetHints":{"allow":["GET"]}}],"collection":[{"href":"https:\/\/okvalles.cat\/es\/wp-json\/wp\/v2\/pages"}],"about":[{"href":"https:\/\/okvalles.cat\/es\/wp-json\/wp\/v2\/types\/page"}],"author":[{"embeddable":true,"href":"https:\/\/okvalles.cat\/es\/wp-json\/wp\/v2\/users\/3"}],"replies":[{"embeddable":true,"href":"https:\/\/okvalles.cat\/es\/wp-json\/wp\/v2\/comments?post=2107"}],"version-history":[{"count":4,"href":"https:\/\/okvalles.cat\/es\/wp-json\/wp\/v2\/pages\/2107\/revisions"}],"predecessor-version":[{"id":2177,"href":"https:\/\/okvalles.cat\/es\/wp-json\/wp\/v2\/pages\/2107\/revisions\/2177"}],"wp:attachment":[{"href":"https:\/\/okvalles.cat\/es\/wp-json\/wp\/v2\/media?parent=2107"}],"curies":[{"name":"wp","href":"https:\/\/api.w.org\/{rel}","templated":true}]}}