{"id":2104,"date":"2023-11-06T10:00:25","date_gmt":"2023-11-06T09:00:25","guid":{"rendered":"https:\/\/okvalles.cat\/?page_id=2104"},"modified":"2023-11-08T09:41:34","modified_gmt":"2023-11-08T08:41:34","slug":"politica-de-cookies","status":"publish","type":"page","link":"https:\/\/okvalles.cat\/es\/politica-de-cookies\/","title":{"rendered":"Pol\u00edtica de cookies"},"content":{"rendered":"<section  class='av_textblock_section av-lopi966s-a379c114b081ae59c9b39fb5ba570994 '   itemscope=\"itemscope\" itemtype=\"https:\/\/schema.org\/CreativeWork\" ><div class='avia_textblock'  itemprop=\"text\" ><h2>Pol\u00edtica de cookies<\/h2>\n<p>\u00bfQu\u00e9 son las cookies?<\/p>\n<p>Una cookie es un archivo que se descarga en su ordenador al acceder a determinadas p\u00e1ginas web. Las cookies permiten a una p\u00e1gina web, entre otrascosas, almacenar y recuperar informaci\u00f3n sobre h\u00e1bitos de navegaci\u00f3n de un usuario o de su equipo y, dependiendo de la informaci\u00f3n que contengan y de la forma que utilicesu equipo, se puedenutilizar para reconocer al usuario.<\/p>\n<h3>Para qu\u00e9utiliza las cookies esta p\u00e1gina web y cu\u00e1les son?<\/h3>\n<p>Esta p\u00e1gina web utiliza las cookies para una serie de finalidades, el detalle de las cookiesutilizadas en esta p\u00e1gina web es el siguiente:<\/p>\n<table width=\"657\">\n<tbody>\n<tr>\n<td width=\"68\"><strong>cookies<\/strong><\/td>\n<td width=\"67\"><strong>nombre<\/strong><\/td>\n<td width=\"55\"><strong>tipo<\/strong><\/td>\n<td width=\"323\"><strong>prop\u00f3sito<\/strong><\/td>\n<td width=\"143\"><strong>m\u00e1sinformaci\u00f3n<\/strong><\/td>\n<\/tr>\n<tr>\n<td width=\"68\">_ga<\/td>\n<td width=\"67\">GoogleAnalytics<\/td>\n<td width=\"55\">de terceros<\/td>\n<td width=\"323\">Este nombre de la cookieest\u00e1asociado con Google Universal Analytics, que es una actualizaci\u00f3n significativa del servicio de an\u00e1lisis de Googlem\u00e1sutilizado. Esta cookie se utiliza para distinguirusuarios\u00fanicosasignando un n\u00famero generadoaleatoriamente como identificador del cliente. Se incluye en cada solicitud de p\u00e1gina de un sitio y se utiliza para calcular los datos de visitantes, sesiones y campa\u00f1as para los informes de an\u00e1lisis. De manera predeterminada, esta caducar\u00e1despu\u00e9s de 2 a\u00f1os, aunque esta seapersonalizable por los propietarios del sitio web.<\/td>\n<td width=\"143\"><a href=\"https:\/\/marketingplatform.google.com\/about\/analytics\/\">https:\/\/marketingplatform.google.com\/about\/analytics\/<\/a><\/td>\n<\/tr>\n<tr>\n<td width=\"68\">_gid<\/td>\n<td width=\"67\">GoogleAnalytics<\/td>\n<td width=\"55\">de terceros<\/td>\n<td width=\"323\">Este nombre de la cookieest\u00e1asociado con Google Universal Analytics. Esta es una nuevacookie que almacena y actualiza un valor \u00fanico para cada p\u00e1gina visitada.<\/td>\n<td width=\"143\"><a href=\"https:\/\/marketingplatform.google.com\/about\/analytics\/\">https:\/\/marketingplatform.google.com\/about\/analytics\/<\/a><\/td>\n<\/tr>\n<tr>\n<td width=\"68\">_gat<\/td>\n<td width=\"67\">GoogleAnalytics<\/td>\n<td width=\"55\">de terceros<\/td>\n<td width=\"323\">Cookieasociada a Google Universal Analytics, se utiliza para acelerar el porcentaje de solicitudes, limitando la recopilaci\u00f3n de datos en los lugares de tr\u00e1nsitoelevados. Vencedespu\u00e9s de 10 minutos.<\/td>\n<td width=\"143\"><a href=\"https:\/\/marketingplatform.google.com\/about\/analytics\/\">https:\/\/marketingplatform.google.com\/about\/analytics\/<\/a><\/td>\n<\/tr>\n<tr>\n<td width=\"68\">240planD<\/td>\n<td width=\"67\">240planD<\/td>\n<td width=\"55\">propia<\/td>\n<td width=\"323\">Esta es una cookiet\u00e9cnicacuyo uso es espec\u00edfico para nuestro host OVH Roubaix y permite, entre otrascosas, garantizar la distribuci\u00f3n de la carga en servidores.<\/td>\n<td width=\"143\"><\/td>\n<\/tr>\n<tr>\n<td width=\"68\">PHPSESSID<\/td>\n<td width=\"67\">PHPSESSID<\/td>\n<td width=\"55\">propia<\/td>\n<td width=\"323\">Cookie generada por aplicacionesbasadas en el lenguaje PHP. Este es un identificador de prop\u00f3sito general utilizado para mantener las variables de sesi\u00f3n del usuario. Normalmente es un n\u00famero generadoaleatoriamente, la forma en que se utilizapuede ser espec\u00edfica del sitio, un claroejemplo es el de mantener los datos de un estado de usuarioregistrado entre p\u00e1ginas.<\/td>\n<td width=\"143\"><a href=\"http:\/\/php.net\/manual\/en\/function.session-id.php\">http:\/\/php.net\/manual\/en\/function.session-id.php<\/a><\/td>\n<\/tr>\n<tr>\n<td width=\"68\">aviaCookieConsent<\/td>\n<td width=\"67\">aviaCookieConsent<\/td>\n<td width=\"55\">propia<\/td>\n<td width=\"323\">Cookie que almacena la aceptaci\u00f3n o no del usuario a continuar navegando en la p\u00e1gina web.<\/td>\n<td width=\"143\"><\/td>\n<\/tr>\n<tr>\n<td width=\"68\">wordpress_test_cookie<\/td>\n<td width=\"67\">wordpress_test_cookie<\/td>\n<td width=\"55\">propia<\/td>\n<td width=\"323\">Esta cookie se utiliza para que el gestor de contenidosWordPresscompruebe si el navegador tiene las cookiesactivadas<\/td>\n<td width=\"143\"><\/td>\n<\/tr>\n<tr>\n<td width=\"68\">wordpress_logged_in_<\/td>\n<td width=\"67\">wordpress_logged_in_<\/td>\n<td width=\"55\">propia<\/td>\n<td width=\"323\">Despu\u00e9s del loggin, WordPress activa la cookiewordpress_logged_in_, cuyafunci\u00f3n es indicar cuando se ha conectado y qui\u00e9n es, siendoutilizado por la interfaz de WordPress.<\/td>\n<td width=\"143\"><\/td>\n<\/tr>\n<tr>\n<td width=\"68\">wp-settings-time-X, wp-settings-X<\/td>\n<td width=\"67\">wp-settings-time-X, wp-settings-X<\/td>\n<td width=\"55\">propia<\/td>\n<td width=\"323\">Estascookies son utilizadas por WordPress para personalizar la Interfaz de Usuario.<\/td>\n<td width=\"143\"><\/td>\n<\/tr>\n<\/tbody>\n<\/table>\n<p>Nota: Las cookies de tipo &#8216;propias&#8217; son utilizadass\u00f3lo por el propietario de esta web y las cookies &#8216;De terceros&#8217; son utilizadas, por el prestador del servicio que est\u00e1detallado en el cuadro anterior.<\/p>\n<h3>\u00bfC\u00f3mopuedo desactivar o eliminar estascookies?<\/h3>\n<p>Puedeustedpermitir, bloquear o eliminar las cookiesinstaladas en su equipo mediante la configuraci\u00f3n de las opciones del navegador en su ordenador:<\/p>\n<ul>\n<li>Firefox: <a href=\"http:\/\/support.mozilla.org\/es\/kb\/habilitar-y-deshabilitar-cookies-que-los-sitios-we\">http:\/\/support.mozilla.org\/es\/kb\/habilitar-y-deshabilitar-cookies-que-los-sitios-we<\/a><\/li>\n<li>Chrome: <a href=\"http:\/\/support.google.com\/chrome\/bin\/answer.py?hl=es&amp;answer=95647\">http:\/\/support.google.com\/chrome\/bin\/answer.py?hl=es&amp;answer=95647<\/a><\/li>\n<li>Explorer: <a href=\"http:\/\/windows.microsoft.com\/es-es\/windows7\/how-to-manage-cookies-in-internet-explorer-9\">http:\/\/windows.microsoft.com\/es-es\/windows7\/how-to-manage-cookies-in-internet-explorer-9<\/a><\/li>\n<li>Safari: <a href=\"http:\/\/support.apple.com\/kb\/ph5042\">http:\/\/support.apple.com\/kb\/ph5042<\/a><\/li>\n<li>Opera: <a href=\"https:\/\/www.opera.com\/help\/tutorials\/security\/privacy\">https:\/\/www.opera.com\/help\/tutorials\/security\/privacy<\/a><\/li>\n<li>Otrosnavegadores: Consulte la documentaci\u00f3n del navegador que tengainstalado.<\/li>\n<\/ul>\n<h3>Complemento de inhabilitaci\u00f3n para navegadores de GoogleAnalytics<\/h3>\n<p>Si desearechazar las cookiesanal\u00edticas de GoogleAnalytics en todos los navegadores, por lo que no se env\u00edeinformaci\u00f3nsuya en GoogleAnalytics, puededescargar un complemento que realiza esta funci\u00f3ndesde este enlace: <a href=\"https:\/\/tools.google.com\/dlpage\/gaoptout\">https:\/\/tools.google.com\/dlpage\/gaoptout<\/a>.<\/p>\n<\/div><\/section>\n","protected":false},"excerpt":{"rendered":"","protected":false},"author":3,"featured_media":0,"parent":0,"menu_order":0,"comment_status":"closed","ping_status":"closed","template":"","meta":{"footnotes":""},"class_list":["post-2104","page","type-page","status-publish","hentry"],"yoast_head":"<!-- This site is optimized with the Yoast SEO plugin v25.6 - https:\/\/yoast.com\/wordpress\/plugins\/seo\/ -->\n<title>Pol\u00edtica de cookies - OK Valles<\/title>\n<meta name=\"robots\" content=\"index, follow, max-snippet:-1, max-image-preview:large, max-video-preview:-1\" \/>\n<link rel=\"canonical\" href=\"https:\/\/okvalles.cat\/es\/politica-de-cookies\/\" \/>\n<meta property=\"og:locale\" content=\"es_ES\" \/>\n<meta property=\"og:type\" content=\"article\" \/>\n<meta property=\"og:title\" content=\"Pol\u00edtica de cookies - OK Valles\" \/>\n<meta property=\"og:url\" content=\"https:\/\/okvalles.cat\/es\/politica-de-cookies\/\" \/>\n<meta property=\"og:site_name\" content=\"OK Valles\" \/>\n<meta property=\"article:modified_time\" content=\"2023-11-08T08:41:34+00:00\" \/>\n<meta name=\"twitter:card\" content=\"summary_large_image\" \/>\n<meta name=\"twitter:label1\" content=\"Tiempo de lectura\" \/>\n\t<meta name=\"twitter:data1\" content=\"4 minutos\" \/>\n<script type=\"application\/ld+json\" class=\"yoast-schema-graph\">{\"@context\":\"https:\/\/schema.org\",\"@graph\":[{\"@type\":\"WebPage\",\"@id\":\"https:\/\/okvalles.cat\/es\/politica-de-cookies\/\",\"url\":\"https:\/\/okvalles.cat\/es\/politica-de-cookies\/\",\"name\":\"Pol\u00edtica de cookies - OK Valles\",\"isPartOf\":{\"@id\":\"https:\/\/okvalles.cat\/#website\"},\"datePublished\":\"2023-11-06T09:00:25+00:00\",\"dateModified\":\"2023-11-08T08:41:34+00:00\",\"breadcrumb\":{\"@id\":\"https:\/\/okvalles.cat\/es\/politica-de-cookies\/#breadcrumb\"},\"inLanguage\":\"es\",\"potentialAction\":[{\"@type\":\"ReadAction\",\"target\":[\"https:\/\/okvalles.cat\/es\/politica-de-cookies\/\"]}]},{\"@type\":\"BreadcrumbList\",\"@id\":\"https:\/\/okvalles.cat\/es\/politica-de-cookies\/#breadcrumb\",\"itemListElement\":[{\"@type\":\"ListItem\",\"position\":1,\"name\":\"Inici\",\"item\":\"https:\/\/okvalles.cat\/es\/inicio\/\"},{\"@type\":\"ListItem\",\"position\":2,\"name\":\"Pol\u00edtica de cookies\"}]},{\"@type\":\"WebSite\",\"@id\":\"https:\/\/okvalles.cat\/#website\",\"url\":\"https:\/\/okvalles.cat\/\",\"name\":\"OK Valles\",\"description\":\"Botiga especialitzada en l\u2019esport de l\u2019hoquei patins\",\"potentialAction\":[{\"@type\":\"SearchAction\",\"target\":{\"@type\":\"EntryPoint\",\"urlTemplate\":\"https:\/\/okvalles.cat\/?s={search_term_string}\"},\"query-input\":{\"@type\":\"PropertyValueSpecification\",\"valueRequired\":true,\"valueName\":\"search_term_string\"}}],\"inLanguage\":\"es\"}]}<\/script>\n<!-- \/ Yoast SEO plugin. -->","yoast_head_json":{"title":"Pol\u00edtica de cookies - OK Valles","robots":{"index":"index","follow":"follow","max-snippet":"max-snippet:-1","max-image-preview":"max-image-preview:large","max-video-preview":"max-video-preview:-1"},"canonical":"https:\/\/okvalles.cat\/es\/politica-de-cookies\/","og_locale":"es_ES","og_type":"article","og_title":"Pol\u00edtica de cookies - OK Valles","og_url":"https:\/\/okvalles.cat\/es\/politica-de-cookies\/","og_site_name":"OK Valles","article_modified_time":"2023-11-08T08:41:34+00:00","twitter_card":"summary_large_image","twitter_misc":{"Tiempo de lectura":"4 minutos"},"schema":{"@context":"https:\/\/schema.org","@graph":[{"@type":"WebPage","@id":"https:\/\/okvalles.cat\/es\/politica-de-cookies\/","url":"https:\/\/okvalles.cat\/es\/politica-de-cookies\/","name":"Pol\u00edtica de cookies - OK Valles","isPartOf":{"@id":"https:\/\/okvalles.cat\/#website"},"datePublished":"2023-11-06T09:00:25+00:00","dateModified":"2023-11-08T08:41:34+00:00","breadcrumb":{"@id":"https:\/\/okvalles.cat\/es\/politica-de-cookies\/#breadcrumb"},"inLanguage":"es","potentialAction":[{"@type":"ReadAction","target":["https:\/\/okvalles.cat\/es\/politica-de-cookies\/"]}]},{"@type":"BreadcrumbList","@id":"https:\/\/okvalles.cat\/es\/politica-de-cookies\/#breadcrumb","itemListElement":[{"@type":"ListItem","position":1,"name":"Inici","item":"https:\/\/okvalles.cat\/es\/inicio\/"},{"@type":"ListItem","position":2,"name":"Pol\u00edtica de cookies"}]},{"@type":"WebSite","@id":"https:\/\/okvalles.cat\/#website","url":"https:\/\/okvalles.cat\/","name":"OK Valles","description":"Botiga especialitzada en l\u2019esport de l\u2019hoquei patins","potentialAction":[{"@type":"SearchAction","target":{"@type":"EntryPoint","urlTemplate":"https:\/\/okvalles.cat\/?s={search_term_string}"},"query-input":{"@type":"PropertyValueSpecification","valueRequired":true,"valueName":"search_term_string"}}],"inLanguage":"es"}]}},"_links":{"self":[{"href":"https:\/\/okvalles.cat\/es\/wp-json\/wp\/v2\/pages\/2104","targetHints":{"allow":["GET"]}}],"collection":[{"href":"https:\/\/okvalles.cat\/es\/wp-json\/wp\/v2\/pages"}],"about":[{"href":"https:\/\/okvalles.cat\/es\/wp-json\/wp\/v2\/types\/page"}],"author":[{"embeddable":true,"href":"https:\/\/okvalles.cat\/es\/wp-json\/wp\/v2\/users\/3"}],"replies":[{"embeddable":true,"href":"https:\/\/okvalles.cat\/es\/wp-json\/wp\/v2\/comments?post=2104"}],"version-history":[{"count":4,"href":"https:\/\/okvalles.cat\/es\/wp-json\/wp\/v2\/pages\/2104\/revisions"}],"predecessor-version":[{"id":2175,"href":"https:\/\/okvalles.cat\/es\/wp-json\/wp\/v2\/pages\/2104\/revisions\/2175"}],"wp:attachment":[{"href":"https:\/\/okvalles.cat\/es\/wp-json\/wp\/v2\/media?parent=2104"}],"curies":[{"name":"wp","href":"https:\/\/api.w.org\/{rel}","templated":true}]}}