{"id":2097,"date":"2023-11-06T09:55:52","date_gmt":"2023-11-06T08:55:52","guid":{"rendered":"https:\/\/okvalles.cat\/?page_id=2097"},"modified":"2023-11-08T09:41:10","modified_gmt":"2023-11-08T08:41:10","slug":"aviso-legal","status":"publish","type":"page","link":"https:\/\/okvalles.cat\/es\/aviso-legal\/","title":{"rendered":"Aviso legal"},"content":{"rendered":"<section  class='av_textblock_section av-lopi7zih-cd38314300f3c661dd4440b7c7409b20 '   itemscope=\"itemscope\" itemtype=\"https:\/\/schema.org\/CreativeWork\" ><div class='avia_textblock'  itemprop=\"text\" ><h2>Aviso legal<\/h2>\n<p>0. Identificaci\u00f3n<\/p>\n<p>Maria del Mar Bonet Collazos, en adelante LA EMPRESA, en cumplimiento de la Ley 34\/2002, de 11 de julio, de Servicios de la Sociedad de la Informaci\u00f3n y de Comercio Electr\u00f3nico, le informa que:<\/p>\n<ul>\n<li>Sudenominaci\u00f3n social es: Maria del Mar Bonet Collazos<\/li>\n<li>Su nombre comercial es: OKVall\u00e8s.<\/li>\n<li>Su CIF es: 38128147N.<\/li>\n<li>Su domicilio social es:<\/li>\n<li>c\/ Arquitecte Torres i Clav\u00e9, 22 Palau-solit\u00e0<br \/>\nPlegamans Barcelona 08184<\/li>\n<li>Est\u00e1 inscrita en el Registro Mercantil de Barcelona Tomo 45521, Folio 59, Hoja 490507<\/li>\n<\/ul>\n<h2>1. Objeto<\/h2>\n<p>El presente aviso legal regula el uso y utilizaci\u00f3ndel presentesitio web, del que es titular LA EMPRESA.<\/p>\n<p>La navegaci\u00f3n por el sitio web de LA EMPRESAleatribuye la condici\u00f3n de USUARIO del mismo y suponesuaceptaci\u00f3n plena y sinreservas de todas y cada una de las condiciones publicadas en este aviso legal, advirtiendo que estas condiciones pueden ser modificadassinnotificaci\u00f3nprevia por parte de LA EMPRESA, en cuyo caso se proceder\u00e1 a supublicaci\u00f3n y aviso con la m\u00e1ximaantelaci\u00f3nposible.<\/p>\n<p>Por ello es recomendableleer con atenci\u00f3n el contenido del presente aviso legal en caso de desearacceder y hacer uso de la informaci\u00f3n y los serviciosofrecidosdesde este sitio web.<\/p>\n<p>El usuario, adem\u00e1s, se obliga a hacer un uso correcto del sitio web de conformidad con las leyes, la buena fe, el ordenp\u00fablico, los usos del tr\u00e1fico y el presente Aviso Legal, y responder\u00e1anteLA EMPRESA o anteterceros, de cualesquierda\u00f1o o perjuicio que pudierancausarse como consecuencia del incumplimiento de esta obligaci\u00f3n.<\/p>\n<p>Cualquierutilizaci\u00f3n distinta a la autorizadaest\u00e1expresamente prohibida, y LA EMPRESApuede denegar o retirar el acceso y su uso en cualquiermomento.<\/p>\n<h2>2. Comunicaciones<\/h2>\n<p>Para comunicarse con nosotros, ponemos a sudisposici\u00f3ndiferentesmedios de contacto que detallamos a continuaci\u00f3n:<\/p>\n<ul>\n<li>tel\u00e9fono<\/li>\n<li>correoelectr\u00f3nico<\/li>\n<\/ul>\n<p>Todas las notificaciones y comunicaciones entre los usuarios y LA EMPRESA se considerar\u00e1n eficaces, a todos los efectos, cuando se realicen a trav\u00e9s de cualquiermedio de los citadosanteriormente<\/p>\n<h2>3. Condiciones de acceso y utilizaci\u00f3n<\/h2>\n<p>El sitio web y susservicios son de accesolibre y gratuito. Sin embargo, LA EMPRESApuede alterar sinprevio aviso la utilizaci\u00f3n de algunos de los serviciosofrecidos en su web.<\/p>\n<p>El usuariogarantiza la autenticidad y actualidad de todosaquellosdatos que comunique a LA EMPRESA y ser\u00e1 el \u00fanico responsable de las manifestacionesfalsas o inexactas que realice.<\/p>\n<p>El usuario se comprometeexpresamente a hacer un uso adecuado de los contenidos y servicios de LA EMPRESA y a no emplearlos para, entre otros:<\/p>\n<ol>\n<li>Difundircontenidosdelictivos, violentos, pornogr\u00e1ficos, racistas, xen\u00f3fobos, ofensivos, de apolog\u00eda del terrorismo o, en general, contrarios a la ley o al ordenp\u00fablico.<\/li>\n<li>Introducir en la red virus inform\u00e1ticos o realizaractuaciones susceptibles de alterar, estropear, interrumpir o generar errores o da\u00f1os en los documentoselectr\u00f3nicos, datos o sistemasf\u00edsicos y l\u00f3gicos de LA EMPRESA o de terceraspersonas; as\u00ed como obstaculizar el acceso de otrosusuarios al sitio web y a susserviciosmediante el consumo masivo de los recursos inform\u00e1ticos a trav\u00e9s de los cualesLA EMPRESA presta susservicios.<\/li>\n<li>Intentar acceder a las cuentas de correoelectr\u00f3nico de otrosusuarios o a \u00e1reasrestringidas de los sistemasinform\u00e1ticos de LA EMPRESA o de terceros y, en su caso, extraerinformaci\u00f3n.<\/li>\n<li>Vulnerar los derechos de propiedadintelectual o industrial, as\u00ed como violar la confidencialidad de la informaci\u00f3n de LA EMPRESA o de terceros.<\/li>\n<li>Suplantar la identidad de cualquierotrousuario.<\/li>\n<li>Reproducir, copiar, distribuir o modificar los contenidos, a menos que se cuente con la autorizaci\u00f3n del titular de los correspondientesderechos o elloresultelegalmentepermitido.<\/li>\n<li>Recabardatos con finalidadpublicitaria y de remitirpublicidad de cualquierclase y comunicaciones con fines de venta u otras de naturaleza comercial sin que exista la previasolicitud o consentimiento.<\/li>\n<\/ol>\n<p>Todos los contenidos del sitio web, como textos, fotograf\u00edas, gr\u00e1ficos, im\u00e1genes, iconos, tecnolog\u00eda, software, as\u00ed como sudise\u00f1ogr\u00e1fico y c\u00f3digosfuente, constituyen una obra y la propiedadpertenece a LA EMPRESA, sin que puedanentendersecedidos al usuarioninguno de los derechos de explotaci\u00f3n sobre los mismosm\u00e1sall\u00e1 de lo estrictamentenecesario para el correcto uso de la web.<\/p>\n<p>En definitiva, los usuarios que accedan a este sitio web puedenvisualizar los contenidos y efectuar, en su caso, copiasprivadasautorizadassiempre que los elementosreproducidos no seancedidosposteriormente a terceros, ni se instalen a servidores conectados a redes, ni seanobjeto de ning\u00fan tipo de explotaci\u00f3n.<\/p>\n<p>Asimismo, todas las marcas, nombres comerciales o signosdistintivos de cualquierclase que aparecen en el sitio web son propiedad de LA EMPRESA, sin que puedaentenderse que el uso o acceso al mismoatribuya al usuarioderechoalguno sobre los mismos.<\/p>\n<p>La distribuci\u00f3n, modificaci\u00f3n, cesi\u00f3n o comunicaci\u00f3n p\u00fablica de los contenidos y cualquierotroacto que no hayasidoexpresamenteautorizado por el titular de los derechos de explotaci\u00f3nquedanprohibidos.<\/p>\n<p>El establecimiento de un hiperenlace no implica en ning\u00fan caso la existencia de relaciones entre LA EMPRESA y el propietario del sitio web en la que se establezca, ni la aceptaci\u00f3n y aprobaci\u00f3n por parte de LA EMPRESA de suscontenidos o servicios.<\/p>\n<p>LA EMPRESA no se responsabiliza del uso que cada usuarioled\u00e9 a los materialespuestos a disposici\u00f3n en este sitio web ni de las actuaciones que realice en base a los mismos.<\/p>\n<h3>3.1 Exclusi\u00f3n de garant\u00edas y de responsabilidad en el acceso y la utilizaci\u00f3n<\/h3>\n<p>El contenido del presentesitio web es de car\u00e1cter general y tiene una finalidadmeramente informativa, sin que se garanticeplenamente el acceso a todos los contenidos, ni suexhaustividad, correcci\u00f3n, vigencia o actualidad, ni suidoneidad o utilidad para un objetivoespec\u00edfico.<\/p>\n<p>LA EMPRESA excluye, hastadondepermite el ordenamientojur\u00eddico, cualquierresponsabilidad por los da\u00f1os y perjuicios de todanaturalezaderivados de:<\/p>\n<ol>\n<li>La imposibilidad de acceso al sitio web o la falta de veracidad, exactitud, exhaustividad y \/ o actualidad de los contenidos, as\u00ed como la existencia de vicios y defectos de todaclase de los contenidostransmitidos, difundidos, almacenados, puestos a disposici\u00f3n, a los que se hayaaccedido a trav\u00e9s del sitio web o de los servicios que se ofrecen.<\/li>\n<li>La presencia de virus o de otroselementos en los contenidos que puedanproduciralteraciones en los sistemasinform\u00e1ticos, documentoselectr\u00f3nicos o datos de los usuarios.<\/li>\n<li>El incumplimiento de las leyes, la buena fe, el ordenp\u00fablico, los usos del tr\u00e1fico y el presente aviso legal como consecuencia del uso incorrecto del sitio web. En particular, y a modo de ejemplo, LA EMPRESA no se hace responsable de las actuaciones de terceros que vulneren derechos de propiedadintelectual e industrial, secretosempresariales, derechos al honor, a la intimidad personal y familiar ya la propiaimagen, as\u00ed como la normativa en materia de competenciadesleal y publicidadil\u00edcita.<\/li>\n<\/ol>\n<p>Asimismo, LA EMPRESA declina cualquierresponsabilidad respecto a la informaci\u00f3n que se hallefuera de esta web y no sea gestionada directamente por nuestrowebmaster. La funci\u00f3n de los links externos que puedanaparecer en esta web es exclusivamente la de informar al usuario sobre la existencia de otrasfuentes susceptibles de ampliar los contenidos que ofrece este sitio web. LA EMPRESA no garantiza ni se responsabiliza del funcionamiento o accesibilidad de los sitiosenlazados; ni sugiere, invita o recomienda la visita a los mismos, por lo que tampocoser\u00e1 responsable del resultadoobtenido. LA EMPRESA no se responsabiliza del establecimiento de hiperv\u00ednculos por parte de terceros.<\/p>\n<h3>\u00a03.2 Procedimiento en caso de realizaci\u00f3n de actividades de car\u00e1cteril\u00edcito<\/h3>\n<p>En caso de que cualquierusuario o un terceroconsidere que existenhechos o circunstancias que revelen el car\u00e1cteril\u00edcito de la utilizaci\u00f3n de cualquiercontenido y \/ o de la realizaci\u00f3n de cualquieractividad en las p\u00e1ginas web incluidas o accesibles a trav\u00e9s del sitio web, deber\u00e1 enviar una notificaci\u00f3n a LA EMPRESAidentific\u00e1ndosedebidamente y especificando las supuestasinfracciones.<\/p>\n<h3>3.3 Publicaciones<\/h3>\n<p>La informaci\u00f3n administrativa facilitada a trav\u00e9s del sitio web no sustituye la publicidad legal de las leyes, normativas, planes, disposiciones generales y actos que tengan que ser publicadosformalmente a los diarios oficiales de las administracionesp\u00fablicas, que constituyen el \u00fanico instrumento que da fe de suautenticidad y contenido. La informaci\u00f3n disponible en este sitio web debeentenderse como una gu\u00edasinprop\u00f3sito de validez legal.<\/p>\n<h2>4. Legislaci\u00f3n aplicable<\/h2>\n<p>Las condiciones presentes se regir\u00e1n por la legislaci\u00f3nespa\u00f1olavigente.<\/p>\n<\/div><\/section>\n","protected":false},"excerpt":{"rendered":"","protected":false},"author":3,"featured_media":0,"parent":0,"menu_order":0,"comment_status":"closed","ping_status":"closed","template":"","meta":{"footnotes":""},"class_list":["post-2097","page","type-page","status-publish","hentry"],"yoast_head":"<!-- This site is optimized with the Yoast SEO plugin v25.6 - https:\/\/yoast.com\/wordpress\/plugins\/seo\/ -->\n<title>Aviso legal - OK Valles<\/title>\n<meta name=\"robots\" content=\"index, follow, max-snippet:-1, max-image-preview:large, max-video-preview:-1\" \/>\n<link rel=\"canonical\" href=\"https:\/\/okvalles.cat\/es\/aviso-legal\/\" \/>\n<meta property=\"og:locale\" content=\"es_ES\" \/>\n<meta property=\"og:type\" content=\"article\" \/>\n<meta property=\"og:title\" content=\"Aviso legal - OK Valles\" \/>\n<meta property=\"og:url\" content=\"https:\/\/okvalles.cat\/es\/aviso-legal\/\" \/>\n<meta property=\"og:site_name\" content=\"OK Valles\" \/>\n<meta property=\"article:modified_time\" content=\"2023-11-08T08:41:10+00:00\" \/>\n<meta name=\"twitter:card\" content=\"summary_large_image\" \/>\n<meta name=\"twitter:label1\" content=\"Tiempo de lectura\" \/>\n\t<meta name=\"twitter:data1\" content=\"7 minutos\" \/>\n<script type=\"application\/ld+json\" class=\"yoast-schema-graph\">{\"@context\":\"https:\/\/schema.org\",\"@graph\":[{\"@type\":\"WebPage\",\"@id\":\"https:\/\/okvalles.cat\/es\/aviso-legal\/\",\"url\":\"https:\/\/okvalles.cat\/es\/aviso-legal\/\",\"name\":\"Aviso legal - OK Valles\",\"isPartOf\":{\"@id\":\"https:\/\/okvalles.cat\/#website\"},\"datePublished\":\"2023-11-06T08:55:52+00:00\",\"dateModified\":\"2023-11-08T08:41:10+00:00\",\"breadcrumb\":{\"@id\":\"https:\/\/okvalles.cat\/es\/aviso-legal\/#breadcrumb\"},\"inLanguage\":\"es\",\"potentialAction\":[{\"@type\":\"ReadAction\",\"target\":[\"https:\/\/okvalles.cat\/es\/aviso-legal\/\"]}]},{\"@type\":\"BreadcrumbList\",\"@id\":\"https:\/\/okvalles.cat\/es\/aviso-legal\/#breadcrumb\",\"itemListElement\":[{\"@type\":\"ListItem\",\"position\":1,\"name\":\"Inici\",\"item\":\"https:\/\/okvalles.cat\/es\/inicio\/\"},{\"@type\":\"ListItem\",\"position\":2,\"name\":\"Aviso legal\"}]},{\"@type\":\"WebSite\",\"@id\":\"https:\/\/okvalles.cat\/#website\",\"url\":\"https:\/\/okvalles.cat\/\",\"name\":\"OK Valles\",\"description\":\"Botiga especialitzada en l\u2019esport de l\u2019hoquei patins\",\"potentialAction\":[{\"@type\":\"SearchAction\",\"target\":{\"@type\":\"EntryPoint\",\"urlTemplate\":\"https:\/\/okvalles.cat\/?s={search_term_string}\"},\"query-input\":{\"@type\":\"PropertyValueSpecification\",\"valueRequired\":true,\"valueName\":\"search_term_string\"}}],\"inLanguage\":\"es\"}]}<\/script>\n<!-- \/ Yoast SEO plugin. -->","yoast_head_json":{"title":"Aviso legal - OK Valles","robots":{"index":"index","follow":"follow","max-snippet":"max-snippet:-1","max-image-preview":"max-image-preview:large","max-video-preview":"max-video-preview:-1"},"canonical":"https:\/\/okvalles.cat\/es\/aviso-legal\/","og_locale":"es_ES","og_type":"article","og_title":"Aviso legal - OK Valles","og_url":"https:\/\/okvalles.cat\/es\/aviso-legal\/","og_site_name":"OK Valles","article_modified_time":"2023-11-08T08:41:10+00:00","twitter_card":"summary_large_image","twitter_misc":{"Tiempo de lectura":"7 minutos"},"schema":{"@context":"https:\/\/schema.org","@graph":[{"@type":"WebPage","@id":"https:\/\/okvalles.cat\/es\/aviso-legal\/","url":"https:\/\/okvalles.cat\/es\/aviso-legal\/","name":"Aviso legal - OK Valles","isPartOf":{"@id":"https:\/\/okvalles.cat\/#website"},"datePublished":"2023-11-06T08:55:52+00:00","dateModified":"2023-11-08T08:41:10+00:00","breadcrumb":{"@id":"https:\/\/okvalles.cat\/es\/aviso-legal\/#breadcrumb"},"inLanguage":"es","potentialAction":[{"@type":"ReadAction","target":["https:\/\/okvalles.cat\/es\/aviso-legal\/"]}]},{"@type":"BreadcrumbList","@id":"https:\/\/okvalles.cat\/es\/aviso-legal\/#breadcrumb","itemListElement":[{"@type":"ListItem","position":1,"name":"Inici","item":"https:\/\/okvalles.cat\/es\/inicio\/"},{"@type":"ListItem","position":2,"name":"Aviso legal"}]},{"@type":"WebSite","@id":"https:\/\/okvalles.cat\/#website","url":"https:\/\/okvalles.cat\/","name":"OK Valles","description":"Botiga especialitzada en l\u2019esport de l\u2019hoquei patins","potentialAction":[{"@type":"SearchAction","target":{"@type":"EntryPoint","urlTemplate":"https:\/\/okvalles.cat\/?s={search_term_string}"},"query-input":{"@type":"PropertyValueSpecification","valueRequired":true,"valueName":"search_term_string"}}],"inLanguage":"es"}]}},"_links":{"self":[{"href":"https:\/\/okvalles.cat\/es\/wp-json\/wp\/v2\/pages\/2097","targetHints":{"allow":["GET"]}}],"collection":[{"href":"https:\/\/okvalles.cat\/es\/wp-json\/wp\/v2\/pages"}],"about":[{"href":"https:\/\/okvalles.cat\/es\/wp-json\/wp\/v2\/types\/page"}],"author":[{"embeddable":true,"href":"https:\/\/okvalles.cat\/es\/wp-json\/wp\/v2\/users\/3"}],"replies":[{"embeddable":true,"href":"https:\/\/okvalles.cat\/es\/wp-json\/wp\/v2\/comments?post=2097"}],"version-history":[{"count":4,"href":"https:\/\/okvalles.cat\/es\/wp-json\/wp\/v2\/pages\/2097\/revisions"}],"predecessor-version":[{"id":2173,"href":"https:\/\/okvalles.cat\/es\/wp-json\/wp\/v2\/pages\/2097\/revisions\/2173"}],"wp:attachment":[{"href":"https:\/\/okvalles.cat\/es\/wp-json\/wp\/v2\/media?parent=2097"}],"curies":[{"name":"wp","href":"https:\/\/api.w.org\/{rel}","templated":true}]}}