{"id":1527,"date":"2023-11-06T09:34:05","date_gmt":"2023-11-06T08:34:05","guid":{"rendered":"https:\/\/okvalles.cat\/quienes-somos\/"},"modified":"2023-11-07T15:31:31","modified_gmt":"2023-11-07T14:31:31","slug":"quienes-somos","status":"publish","type":"page","link":"https:\/\/okvalles.cat\/es\/quienes-somos\/","title":{"rendered":"Qui\u00e9nes somos"},"content":{"rendered":"<div  class='flex_column av-95wo1-4d211ac7e2f764f30290f5f599207ae7 av_one_full  avia-builder-el-0  el_before_av_one_half  avia-builder-el-first  first flex_column_div  '     ><style type=\"text\/css\" data-created_by=\"avia_inline_auto\" id=\"style-css-av-li2y4du6-737698ea01ccdf009f75fe72005f4453\">\n#top .av-special-heading.av-li2y4du6-737698ea01ccdf009f75fe72005f4453{\npadding-bottom:10px;\n}\nbody .av-special-heading.av-li2y4du6-737698ea01ccdf009f75fe72005f4453 .av-special-heading-tag .heading-char{\nfont-size:25px;\n}\n.av-special-heading.av-li2y4du6-737698ea01ccdf009f75fe72005f4453 .av-subheading{\nfont-size:15px;\n}\n<\/style>\n<div  class='av-special-heading av-li2y4du6-737698ea01ccdf009f75fe72005f4453 av-special-heading-h1 blockquote modern-quote modern-centered  avia-builder-el-1  avia-builder-el-no-sibling '><h1 class='av-special-heading-tag '  itemprop=\"headline\"  >QUI SOM<\/h1><div class=\"special-heading-border\"><div class=\"special-heading-inner-border\"><\/div><\/div><\/div><\/div>\n<div  class='flex_column av-hd04h-4d874a7f66afd74f1dacd0f91ae91327 av_one_half  avia-builder-el-2  el_after_av_one_full  el_before_av_one_half  first flex_column_div  column-top-margin'     ><style type=\"text\/css\" data-created_by=\"avia_inline_auto\" id=\"style-css-av-li2y2fz5-d1ea69634670569b765be1d1e30e4a71\">\n.avia-image-container.av-li2y2fz5-d1ea69634670569b765be1d1e30e4a71 img.avia_image{\nbox-shadow:none;\n}\n.avia-image-container.av-li2y2fz5-d1ea69634670569b765be1d1e30e4a71 .av-image-caption-overlay-center{\ncolor:#ffffff;\n}\n<\/style>\n<div  class='avia-image-container av-li2y2fz5-d1ea69634670569b765be1d1e30e4a71 av-styling- avia-align-center  avia-builder-el-3  avia-builder-el-no-sibling '   itemprop=\"image\" itemscope=\"itemscope\" itemtype=\"https:\/\/schema.org\/ImageObject\" ><div class=\"avia-image-container-inner\"><div class=\"avia-image-overlay-wrap\"><img decoding=\"async\" fetchpriority=\"high\" class='wp-image-1529 avia-img-lazy-loading-not-1529 avia_image ' src=\"https:\/\/okvalles.cat\/wp-content\/uploads\/2023\/09\/Botiga_1.jpg\" alt='' title='Botiga_1'  height=\"550\" width=\"825\"  itemprop=\"thumbnailUrl\" srcset=\"https:\/\/okvalles.cat\/wp-content\/uploads\/2023\/09\/Botiga_1.jpg 825w, https:\/\/okvalles.cat\/wp-content\/uploads\/2023\/09\/Botiga_1-300x200.jpg 300w, https:\/\/okvalles.cat\/wp-content\/uploads\/2023\/09\/Botiga_1-768x512.jpg 768w, https:\/\/okvalles.cat\/wp-content\/uploads\/2023\/09\/Botiga_1-705x470.jpg 705w, https:\/\/okvalles.cat\/wp-content\/uploads\/2023\/09\/Botiga_1-450x300.jpg 450w, https:\/\/okvalles.cat\/wp-content\/uploads\/2023\/09\/Botiga_1-600x400.jpg 600w\" sizes=\"(max-width: 825px) 100vw, 825px\" \/><\/div><\/div><\/div><\/div><div  class='flex_column av-80vtd-101ed8f5a4879a82aadf5f10fc225629 av_one_half  avia-builder-el-4  el_after_av_one_half  el_before_av_one_full  flex_column_div  column-top-margin'     ><section  class='av_textblock_section av-li2y1n5o-1d23f5333ee6e7237df14aa610b79e13 '   itemscope=\"itemscope\" itemtype=\"https:\/\/schema.org\/CreativeWork\" ><div class='avia_textblock'  itemprop=\"text\" ><p>Ok es una tienda especializada en el deporte del hockey patines. Nace de la mano de Quim Ctra, exjugador, entrenador y coordinador del club H.C. Palau, con una gran experiencia y conocimiento del mundo del hockey. OkVall\u00e8s quiere ser un referente en la comarca del Vall\u00e8s tanto en el Oriental como en el Occidental, donde la pr\u00e1ctica de este deporte est\u00e1 tan arraigada.<\/p>\n<p>En Ok se puede encontrar todo tipo de complementos y accesorios para la pr\u00e1ctica del hockey patines. Trabajamos con los mejores materiales, marcas nacionales e internacionales de calidad y profesionales del mundo del hockey.<\/p>\n<p>Desde OkVall\u00e8s os ofrecemos un asesoramiento personalizado, para que las compras se ajusten a vuestras necesidades.<\/p>\n<p>Pod\u00e9is disfrutar de nuestro cat\u00e1logo virtual, para dar un golpe de estado nuestros productos, y sin ning\u00fan compromiso pod\u00e9is poneros en contacto para solicitar o resolver cualquier duda que teng\u00e1is, ya sea v\u00eda e-mail, whatsapp, telef\u00f3nicamente o personalmente.<\/p>\n<p>Estaremos encantados de poderos ayudar!!<\/p>\n<\/div><\/section><\/div><\/p>\n<div  class='flex_column av-13ki9-70a71d58ea21fa1a38e3fa2a9cabe5ae av_one_full  avia-builder-el-6  el_after_av_one_half  avia-builder-el-last  first flex_column_div  column-top-margin'     ><style type=\"text\/css\" data-created_by=\"avia_inline_auto\" id=\"style-css-av-78ts9-56aef1ebffbd97c39998c51d51af9fcd\">\n.avia-image-container.av-78ts9-56aef1ebffbd97c39998c51d51af9fcd img.avia_image{\nbox-shadow:none;\n}\n.avia-image-container.av-78ts9-56aef1ebffbd97c39998c51d51af9fcd .av-image-caption-overlay-center{\ncolor:#ffffff;\n}\n<\/style>\n<div  class='avia-image-container av-78ts9-56aef1ebffbd97c39998c51d51af9fcd av-styling- avia-align-center  avia-builder-el-7  avia-builder-el-no-sibling '   itemprop=\"image\" itemscope=\"itemscope\" itemtype=\"https:\/\/schema.org\/ImageObject\" ><div class=\"avia-image-container-inner\"><div class=\"avia-image-overlay-wrap\"><img decoding=\"async\" fetchpriority=\"high\" class='wp-image-3021 avia-img-lazy-loading-not-3021 avia_image ' src=\"https:\/\/okvalles.cat\/wp-content\/uploads\/2023\/05\/logo_okvalles-2-300x300.png\" alt='' title='logo_okvalles 2'  height=\"300\" width=\"300\"  itemprop=\"thumbnailUrl\" srcset=\"https:\/\/okvalles.cat\/wp-content\/uploads\/2023\/05\/logo_okvalles-2-300x300.png 300w, https:\/\/okvalles.cat\/wp-content\/uploads\/2023\/05\/logo_okvalles-2-100x100.png 100w, https:\/\/okvalles.cat\/wp-content\/uploads\/2023\/05\/logo_okvalles-2-600x600.png 600w, https:\/\/okvalles.cat\/wp-content\/uploads\/2023\/05\/logo_okvalles-2-80x80.png 80w, https:\/\/okvalles.cat\/wp-content\/uploads\/2023\/05\/logo_okvalles-2-36x36.png 36w, https:\/\/okvalles.cat\/wp-content\/uploads\/2023\/05\/logo_okvalles-2-180x180.png 180w, https:\/\/okvalles.cat\/wp-content\/uploads\/2023\/05\/logo_okvalles-2-705x705.png 705w, https:\/\/okvalles.cat\/wp-content\/uploads\/2023\/05\/logo_okvalles-2-120x120.png 120w, https:\/\/okvalles.cat\/wp-content\/uploads\/2023\/05\/logo_okvalles-2-450x450.png 450w, https:\/\/okvalles.cat\/wp-content\/uploads\/2023\/05\/logo_okvalles-2.png 762w\" sizes=\"(max-width: 300px) 100vw, 300px\" \/><\/div><\/div><\/div><\/div>\n","protected":false},"excerpt":{"rendered":"","protected":false},"author":3,"featured_media":0,"parent":0,"menu_order":0,"comment_status":"closed","ping_status":"closed","template":"","meta":{"footnotes":""},"class_list":["post-1527","page","type-page","status-publish","hentry"],"yoast_head":"<!-- This site is optimized with the Yoast SEO plugin v25.6 - https:\/\/yoast.com\/wordpress\/plugins\/seo\/ -->\n<title>Qui\u00e9nes somos - OK Valles<\/title>\n<meta name=\"robots\" content=\"index, follow, max-snippet:-1, max-image-preview:large, max-video-preview:-1\" \/>\n<link rel=\"canonical\" href=\"https:\/\/okvalles.cat\/es\/quienes-somos\/\" \/>\n<meta property=\"og:locale\" content=\"es_ES\" \/>\n<meta property=\"og:type\" content=\"article\" \/>\n<meta property=\"og:title\" content=\"Qui\u00e9nes somos - OK Valles\" \/>\n<meta property=\"og:url\" content=\"https:\/\/okvalles.cat\/es\/quienes-somos\/\" \/>\n<meta property=\"og:site_name\" content=\"OK Valles\" \/>\n<meta property=\"article:modified_time\" content=\"2023-11-07T14:31:31+00:00\" \/>\n<meta name=\"twitter:card\" content=\"summary_large_image\" \/>\n<meta name=\"twitter:label1\" content=\"Tiempo de lectura\" \/>\n\t<meta name=\"twitter:data1\" content=\"6 minutos\" \/>\n<script type=\"application\/ld+json\" class=\"yoast-schema-graph\">{\"@context\":\"https:\/\/schema.org\",\"@graph\":[{\"@type\":\"WebPage\",\"@id\":\"https:\/\/okvalles.cat\/es\/quienes-somos\/\",\"url\":\"https:\/\/okvalles.cat\/es\/quienes-somos\/\",\"name\":\"Qui\u00e9nes somos - OK Valles\",\"isPartOf\":{\"@id\":\"https:\/\/okvalles.cat\/#website\"},\"datePublished\":\"2023-11-06T08:34:05+00:00\",\"dateModified\":\"2023-11-07T14:31:31+00:00\",\"breadcrumb\":{\"@id\":\"https:\/\/okvalles.cat\/es\/quienes-somos\/#breadcrumb\"},\"inLanguage\":\"es\",\"potentialAction\":[{\"@type\":\"ReadAction\",\"target\":[\"https:\/\/okvalles.cat\/es\/quienes-somos\/\"]}]},{\"@type\":\"BreadcrumbList\",\"@id\":\"https:\/\/okvalles.cat\/es\/quienes-somos\/#breadcrumb\",\"itemListElement\":[{\"@type\":\"ListItem\",\"position\":1,\"name\":\"Inici\",\"item\":\"https:\/\/okvalles.cat\/es\/inicio\/\"},{\"@type\":\"ListItem\",\"position\":2,\"name\":\"Qui\u00e9nes somos\"}]},{\"@type\":\"WebSite\",\"@id\":\"https:\/\/okvalles.cat\/#website\",\"url\":\"https:\/\/okvalles.cat\/\",\"name\":\"OK Valles\",\"description\":\"Botiga especialitzada en l\u2019esport de l\u2019hoquei patins\",\"potentialAction\":[{\"@type\":\"SearchAction\",\"target\":{\"@type\":\"EntryPoint\",\"urlTemplate\":\"https:\/\/okvalles.cat\/?s={search_term_string}\"},\"query-input\":{\"@type\":\"PropertyValueSpecification\",\"valueRequired\":true,\"valueName\":\"search_term_string\"}}],\"inLanguage\":\"es\"}]}<\/script>\n<!-- \/ Yoast SEO plugin. -->","yoast_head_json":{"title":"Qui\u00e9nes somos - OK Valles","robots":{"index":"index","follow":"follow","max-snippet":"max-snippet:-1","max-image-preview":"max-image-preview:large","max-video-preview":"max-video-preview:-1"},"canonical":"https:\/\/okvalles.cat\/es\/quienes-somos\/","og_locale":"es_ES","og_type":"article","og_title":"Qui\u00e9nes somos - OK Valles","og_url":"https:\/\/okvalles.cat\/es\/quienes-somos\/","og_site_name":"OK Valles","article_modified_time":"2023-11-07T14:31:31+00:00","twitter_card":"summary_large_image","twitter_misc":{"Tiempo de lectura":"6 minutos"},"schema":{"@context":"https:\/\/schema.org","@graph":[{"@type":"WebPage","@id":"https:\/\/okvalles.cat\/es\/quienes-somos\/","url":"https:\/\/okvalles.cat\/es\/quienes-somos\/","name":"Qui\u00e9nes somos - OK Valles","isPartOf":{"@id":"https:\/\/okvalles.cat\/#website"},"datePublished":"2023-11-06T08:34:05+00:00","dateModified":"2023-11-07T14:31:31+00:00","breadcrumb":{"@id":"https:\/\/okvalles.cat\/es\/quienes-somos\/#breadcrumb"},"inLanguage":"es","potentialAction":[{"@type":"ReadAction","target":["https:\/\/okvalles.cat\/es\/quienes-somos\/"]}]},{"@type":"BreadcrumbList","@id":"https:\/\/okvalles.cat\/es\/quienes-somos\/#breadcrumb","itemListElement":[{"@type":"ListItem","position":1,"name":"Inici","item":"https:\/\/okvalles.cat\/es\/inicio\/"},{"@type":"ListItem","position":2,"name":"Qui\u00e9nes somos"}]},{"@type":"WebSite","@id":"https:\/\/okvalles.cat\/#website","url":"https:\/\/okvalles.cat\/","name":"OK Valles","description":"Botiga especialitzada en l\u2019esport de l\u2019hoquei patins","potentialAction":[{"@type":"SearchAction","target":{"@type":"EntryPoint","urlTemplate":"https:\/\/okvalles.cat\/?s={search_term_string}"},"query-input":{"@type":"PropertyValueSpecification","valueRequired":true,"valueName":"search_term_string"}}],"inLanguage":"es"}]}},"_links":{"self":[{"href":"https:\/\/okvalles.cat\/es\/wp-json\/wp\/v2\/pages\/1527","targetHints":{"allow":["GET"]}}],"collection":[{"href":"https:\/\/okvalles.cat\/es\/wp-json\/wp\/v2\/pages"}],"about":[{"href":"https:\/\/okvalles.cat\/es\/wp-json\/wp\/v2\/types\/page"}],"author":[{"embeddable":true,"href":"https:\/\/okvalles.cat\/es\/wp-json\/wp\/v2\/users\/3"}],"replies":[{"embeddable":true,"href":"https:\/\/okvalles.cat\/es\/wp-json\/wp\/v2\/comments?post=1527"}],"version-history":[{"count":5,"href":"https:\/\/okvalles.cat\/es\/wp-json\/wp\/v2\/pages\/1527\/revisions"}],"predecessor-version":[{"id":2145,"href":"https:\/\/okvalles.cat\/es\/wp-json\/wp\/v2\/pages\/1527\/revisions\/2145"}],"wp:attachment":[{"href":"https:\/\/okvalles.cat\/es\/wp-json\/wp\/v2\/media?parent=1527"}],"curies":[{"name":"wp","href":"https:\/\/api.w.org\/{rel}","templated":true}]}}